{"id":2778,"date":"2024-02-08T20:56:16","date_gmt":"2024-02-08T19:56:16","guid":{"rendered":"https:\/\/www.alumican.ca\/privacy-policy\/"},"modified":"2024-03-15T22:11:21","modified_gmt":"2024-03-15T21:11:21","slug":"privacy-policy","status":"publish","type":"page","link":"https:\/\/www.alumican.ca\/en\/privacy-policy\/","title":{"rendered":"Privacy Policy"},"content":{"rendered":"\t\t<div data-elementor-type=\"wp-page\" data-elementor-id=\"2778\" class=\"elementor elementor-2778 elementor-1928\" data-elementor-post-type=\"page\">\n\t\t\t\t<div class=\"elementor-element elementor-element-871d97f e-flex e-con-boxed e-con e-parent\" data-id=\"871d97f\" data-element_type=\"container\" data-e-type=\"container\">\n\t\t\t\t\t<div class=\"e-con-inner\">\n\t\t\t\t<div class=\"elementor-element elementor-element-fdf6bdc elementor-widget elementor-widget-text-editor\" data-id=\"fdf6bdc\" data-element_type=\"widget\" data-e-type=\"widget\" data-widget_type=\"text-editor.default\">\n\t\t\t\t<div class=\"elementor-widget-container\">\n\t\t\t\t\t\t\t\t\t<h1>Privacy Policy<\/h1>\n<h2>Introduction<\/h2>\n<p>Thank you for visiting the Alumican Doors Inc. website and reviewing our privacy policy.<\/p>\n<p>By using our website or services, you acknowledge that you have read and understood this policy and consent to the processing of your personal data and information in accordance with this policy, where applicable.<\/p>\n<p>With the development of new communication tools, it is necessary to pay particular attention to the protection of privacy. This is why we are committed to respecting the confidentiality of the personal information we collect. The purpose of this privacy policy is to inform users of our <a href=\"https:\/\/www.alumican.ca\">www.alumican.ca<\/a> website about the personal data we collect and how it is used.<\/p>\n<p>Alumican Doors Inc. complies strictly with Quebec&#8217;s Bill 25 on the protection of personal information, more specifically the <em>Act to modernize legislative provisions as regards the protection of personal information<\/em>, as well as all other relevant legislation on the protection of personal information and confidentiality. This privacy policy also details our commitment and the measures taken to guarantee the security of your personal information.<\/p>\n<h2>Types of personal information collected<\/h2>\n<p>We are committed to obtaining consent before collecting personal information from an individual. Consent may be express or implied and may be provided directly by the individual or by his or her authorized representative.<\/p>\n<p>The personal information that may be collected and used is :<\/p>\n<ul>\n<li>First name<\/li>\n<li>Last name<\/li>\n<li>Company name (if applicable)<\/li>\n<li>E-mail address<\/li>\n<li>Telephone number<\/li>\n<\/ul>\n<p>The personal information we collect is gathered through a contact form that you may choose to fill out, at your sole discretion, and send to us.<\/p>\n<h2>Forms and interactivity:<\/h2>\n<p>As mentioned, your personal information is collected through forms, namely<\/p>\n<ul>\n<li>Contact form on our website<\/li>\n<\/ul>\n<p>We use the information collected for the following purposes:<\/p>\n<ul>\n<li>Contacting you<\/li>\n<\/ul>\n<h2>Your rights<\/h2>\n<p>If you are a resident of Quebec, in accordance with Bill 25, you have the following specific rights concerning your personal data:<\/p>\n<ul>\n<li>Right to be informed<\/li>\n<li>Right of access<\/li>\n<li>Right to rectification<\/li>\n<li>Right to data portability<\/li>\n<\/ul>\n<h2>Right of objection and withdrawal<\/h2>\n<p>You have the right to object to the use of your data and to withdraw it. We are committed to offering you the right to object to and withdraw your personal information.<\/p>\n<p>The right to object is understood to be the possibility offered to Internet users to refuse to allow their personal information to be used for certain purposes mentioned at the time of collection.<\/p>\n<p>The right of withdrawal is understood to be the possibility offered to Internet users to request that their personal information no longer appears, for example, on a mailing list.<\/p>\n<p>To exercise these rights, please contact our Privacy Officer:<\/p>\n<p>Person responsible: Tommy Chapleau<br \/><a href=\"https:\/\/www.google.com\/maps\/dir\/45.5409664,-73.678848\/11560+6e+Avenue,+Montr%C3%A9al,+QC+H1E+1R9\/@45.5901839,-73.7396901,12z\/data=!3m1!4b1!4m9!4m8!1m1!4e1!1m5!1m1!1s0x4cc91fc96878d383:0x39fa9120a08dfb65!2m2!1d-73.597701!2d45.6202158?entry=ttu\" target=\"_blank\" rel=\"noopener\">Address: 11560 6th Avenue, Montreal, Quebec H1E 1R9<\/a><br \/>E-mail: <a href=\"mailto:alumican@alumican.ca\">alumican@alumican.ca<\/a><br \/>Telephone number: <a href=\"tel:5146482378\">514-648-2378<\/a><\/p>\n<h2>Right of access<\/h2>\n<p>We are committed to granting a right of access and rectification to any person concerned who wishes to consult, modify or delete information concerning him or her.<\/p>\n<p>To exercise this right, please contact our Privacy Officer:<\/p>\n<p>Person responsible: Tommy Chapleau<br \/>Address: <a href=\"https:\/\/www.google.com\/maps\/dir\/45.5409664,-73.678848\/11560+6e+Avenue,+Montr%C3%A9al,+QC+H1E+1R9\/@45.5901839,-73.7396901,12z\/data=!3m1!4b1!4m9!4m8!1m1!4e1!1m5!1m1!1s0x4cc91fc96878d383:0x39fa9120a08dfb65!2m2!1d-73.597701!2d45.6202158?entry=ttu\">11560 6th Avenue, Montreal (Quebec) H1E 1R9<\/a><br \/>E-mail: <a href=\"mailto:alumican@alumican.ca\">alumican@alumican.ca<\/a><br \/>Telephone number: <a href=\"tel:5146482378\" target=\"_blank\" rel=\"noopener\">514-648-2378<\/a><\/p>\n<h2>Security measures<\/h2>\n<p>The personal information we collect is kept in a secure, controlled environment. The people who work for us are required to respect the confidentiality of your information.<\/p>\n<p>To ensure the security of your personal information, we use the following measures:<\/p>\n<ul>\n<li>Security protocols and an SSL (Secure Socket Layer) certificate to encrypt information transmitted via our website.<\/li>\n<\/ul>\n<p>We are committed to maintaining a high level of confidentiality by integrating the latest technological innovations to ensure the confidentiality of your transactions. However, since no mechanism offers maximum security, there is always a degree of risk involved when using the Internet to transmit personal information.<\/p>\n<h2>Disclosure of personal information<\/h2>\n<p>We will not sell or share your personal information with third parties except as required by law, in the event of legal proceedings, or with your written consent.<br \/>We may disclose to any member of our organization such personal information as is reasonably necessary to carry out the purposes set out in this policy.<\/p>\n<h2>How long we keep your personal information<\/h2>\n<p>We keep your personal information for as long as we have a legitimate need to do so, or as required by law. When the information is no longer required, it is destroyed.<br \/>In the process of destroying information, we observe strict rules and ensure that no unauthorized person has access to it.<\/p>\n<h2>External links<\/h2>\n<p>Our site may contain links to other Internet sites. We are not responsible for their privacy practices.<\/p>\n<h2>In the event of data leakage<\/h2>\n<p>In the event of a leak of your personal data, we undertake to keep you and the <em>Commission d&#8217;Acc\u00e8s \u00e0 l&#8217;Information du Qu\u00e9bec<\/em> informed.<\/p>\n<h2>Contact<\/h2>\n<p>If you have any questions about this privacy policy, please contact our Privacy Officer at the above address.<\/p>\n<p>Our privacy policy comes into effect on 26\/02\/2024.<br \/>Last update : 26\/02\/2024.<\/p>\t\t\t\t\t\t\t\t<\/div>\n\t\t\t\t<\/div>\n\t\t\t\t\t<\/div>\n\t\t\t\t<\/div>\n\t\t\t\t<\/div>\n\t\t","protected":false},"excerpt":{"rendered":"<p>Privacy Policy Introduction Thank you for visiting the Alumican Doors Inc. website and reviewing our privacy policy. By using our website or services, you acknowledge that you have read and understood this policy and consent to the processing of your personal data and information in accordance with this policy, where applicable. With the development of&#8230;<\/p>\n","protected":false},"author":1,"featured_media":0,"parent":0,"menu_order":4,"comment_status":"closed","ping_status":"closed","template":"","meta":{"_acf_changed":false,"footnotes":""},"class_list":["post-2778","page","type-page","status-publish","hentry"],"acf":[],"yoast_head":"<!-- This site is optimized with the Yoast SEO plugin v26.9 - https:\/\/yoast.com\/product\/yoast-seo-wordpress\/ -->\n<title>Privacy Policy | Alumican<\/title>\n<meta name=\"robots\" content=\"index, follow, max-snippet:-1, max-image-preview:large, max-video-preview:-1\" \/>\n<link rel=\"canonical\" href=\"https:\/\/www.alumican.ca\/politique-de-confidentialite\/\" \/>\n<meta property=\"og:locale\" content=\"en_US\" \/>\n<meta property=\"og:type\" content=\"article\" \/>\n<meta property=\"og:title\" content=\"Privacy Policy | Alumican\" \/>\n<meta property=\"og:description\" content=\"Privacy Policy Introduction Thank you for visiting the Alumican Doors Inc. website and reviewing our privacy policy. By using our website or services, you acknowledge that you have read and understood this policy and consent to the processing of your personal data and information in accordance with this policy, where applicable. With the development of...\" \/>\n<meta property=\"og:url\" content=\"https:\/\/www.alumican.ca\/politique-de-confidentialite\/\" \/>\n<meta property=\"og:site_name\" content=\"Alumican\" \/>\n<meta property=\"article:publisher\" content=\"https:\/\/www.facebook.com\/portes.alumican.doors\/\" \/>\n<meta property=\"article:modified_time\" content=\"2024-03-15T21:11:21+00:00\" \/>\n<meta property=\"og:image\" content=\"https:\/\/www.alumican.ca\/wp-content\/uploads\/2024\/02\/og-image-alumican.jpeg\" \/>\n\t<meta property=\"og:image:width\" content=\"1200\" \/>\n\t<meta property=\"og:image:height\" content=\"630\" \/>\n\t<meta property=\"og:image:type\" content=\"image\/jpeg\" \/>\n<meta name=\"twitter:card\" content=\"summary_large_image\" \/>\n<meta name=\"twitter:label1\" content=\"Est. reading time\" \/>\n\t<meta name=\"twitter:data1\" content=\"4 minutes\" \/>\n<script type=\"application\/ld+json\" class=\"yoast-schema-graph\">{\"@context\":\"https:\/\/schema.org\",\"@graph\":[{\"@type\":\"WebPage\",\"@id\":\"https:\/\/www.alumican.ca\/politique-de-confidentialite\/\",\"url\":\"https:\/\/www.alumican.ca\/politique-de-confidentialite\/\",\"name\":\"Privacy Policy | Alumican\",\"isPartOf\":{\"@id\":\"https:\/\/www.alumican.ca\/#website\"},\"datePublished\":\"2024-02-08T19:56:16+00:00\",\"dateModified\":\"2024-03-15T21:11:21+00:00\",\"breadcrumb\":{\"@id\":\"https:\/\/www.alumican.ca\/politique-de-confidentialite\/#breadcrumb\"},\"inLanguage\":\"en-US\",\"potentialAction\":[{\"@type\":\"ReadAction\",\"target\":[\"https:\/\/www.alumican.ca\/politique-de-confidentialite\/\"]}]},{\"@type\":\"BreadcrumbList\",\"@id\":\"https:\/\/www.alumican.ca\/politique-de-confidentialite\/#breadcrumb\",\"itemListElement\":[{\"@type\":\"ListItem\",\"position\":1,\"name\":\"Home\",\"item\":\"https:\/\/www.alumican.ca\/\"},{\"@type\":\"ListItem\",\"position\":2,\"name\":\"Privacy Policy\"}]},{\"@type\":\"WebSite\",\"@id\":\"https:\/\/www.alumican.ca\/#website\",\"url\":\"https:\/\/www.alumican.ca\/\",\"name\":\"Alumican\",\"description\":\"Portes d\u2019excellence depuis 1998\",\"publisher\":{\"@id\":\"https:\/\/www.alumican.ca\/#organization\"},\"potentialAction\":[{\"@type\":\"SearchAction\",\"target\":{\"@type\":\"EntryPoint\",\"urlTemplate\":\"https:\/\/www.alumican.ca\/?s={search_term_string}\"},\"query-input\":{\"@type\":\"PropertyValueSpecification\",\"valueRequired\":true,\"valueName\":\"search_term_string\"}}],\"inLanguage\":\"en-US\"},{\"@type\":\"Organization\",\"@id\":\"https:\/\/www.alumican.ca\/#organization\",\"name\":\"Alumican\",\"url\":\"https:\/\/www.alumican.ca\/\",\"logo\":{\"@type\":\"ImageObject\",\"inLanguage\":\"en-US\",\"@id\":\"https:\/\/www.alumican.ca\/#\/schema\/logo\/image\/\",\"url\":\"https:\/\/www.alumican.ca\/wp-content\/uploads\/2024\/01\/logo-alumican.svg\",\"contentUrl\":\"https:\/\/www.alumican.ca\/wp-content\/uploads\/2024\/01\/logo-alumican.svg\",\"width\":157,\"height\":56,\"caption\":\"Alumican\"},\"image\":{\"@id\":\"https:\/\/www.alumican.ca\/#\/schema\/logo\/image\/\"},\"sameAs\":[\"https:\/\/www.facebook.com\/portes.alumican.doors\/\",\"https:\/\/www.instagram.com\/alumican.ca\/\"]}]}<\/script>\n<!-- \/ Yoast SEO plugin. -->","yoast_head_json":{"title":"Privacy Policy | Alumican","robots":{"index":"index","follow":"follow","max-snippet":"max-snippet:-1","max-image-preview":"max-image-preview:large","max-video-preview":"max-video-preview:-1"},"canonical":"https:\/\/www.alumican.ca\/politique-de-confidentialite\/","og_locale":"en_US","og_type":"article","og_title":"Privacy Policy | Alumican","og_description":"Privacy Policy Introduction Thank you for visiting the Alumican Doors Inc. website and reviewing our privacy policy. By using our website or services, you acknowledge that you have read and understood this policy and consent to the processing of your personal data and information in accordance with this policy, where applicable. With the development of...","og_url":"https:\/\/www.alumican.ca\/politique-de-confidentialite\/","og_site_name":"Alumican","article_publisher":"https:\/\/www.facebook.com\/portes.alumican.doors\/","article_modified_time":"2024-03-15T21:11:21+00:00","og_image":[{"width":1200,"height":630,"url":"https:\/\/www.alumican.ca\/wp-content\/uploads\/2024\/02\/og-image-alumican.jpeg","type":"image\/jpeg"}],"twitter_card":"summary_large_image","twitter_misc":{"Est. reading time":"4 minutes"},"schema":{"@context":"https:\/\/schema.org","@graph":[{"@type":"WebPage","@id":"https:\/\/www.alumican.ca\/politique-de-confidentialite\/","url":"https:\/\/www.alumican.ca\/politique-de-confidentialite\/","name":"Privacy Policy | Alumican","isPartOf":{"@id":"https:\/\/www.alumican.ca\/#website"},"datePublished":"2024-02-08T19:56:16+00:00","dateModified":"2024-03-15T21:11:21+00:00","breadcrumb":{"@id":"https:\/\/www.alumican.ca\/politique-de-confidentialite\/#breadcrumb"},"inLanguage":"en-US","potentialAction":[{"@type":"ReadAction","target":["https:\/\/www.alumican.ca\/politique-de-confidentialite\/"]}]},{"@type":"BreadcrumbList","@id":"https:\/\/www.alumican.ca\/politique-de-confidentialite\/#breadcrumb","itemListElement":[{"@type":"ListItem","position":1,"name":"Home","item":"https:\/\/www.alumican.ca\/"},{"@type":"ListItem","position":2,"name":"Privacy Policy"}]},{"@type":"WebSite","@id":"https:\/\/www.alumican.ca\/#website","url":"https:\/\/www.alumican.ca\/","name":"Alumican","description":"Portes d\u2019excellence depuis 1998","publisher":{"@id":"https:\/\/www.alumican.ca\/#organization"},"potentialAction":[{"@type":"SearchAction","target":{"@type":"EntryPoint","urlTemplate":"https:\/\/www.alumican.ca\/?s={search_term_string}"},"query-input":{"@type":"PropertyValueSpecification","valueRequired":true,"valueName":"search_term_string"}}],"inLanguage":"en-US"},{"@type":"Organization","@id":"https:\/\/www.alumican.ca\/#organization","name":"Alumican","url":"https:\/\/www.alumican.ca\/","logo":{"@type":"ImageObject","inLanguage":"en-US","@id":"https:\/\/www.alumican.ca\/#\/schema\/logo\/image\/","url":"https:\/\/www.alumican.ca\/wp-content\/uploads\/2024\/01\/logo-alumican.svg","contentUrl":"https:\/\/www.alumican.ca\/wp-content\/uploads\/2024\/01\/logo-alumican.svg","width":157,"height":56,"caption":"Alumican"},"image":{"@id":"https:\/\/www.alumican.ca\/#\/schema\/logo\/image\/"},"sameAs":["https:\/\/www.facebook.com\/portes.alumican.doors\/","https:\/\/www.instagram.com\/alumican.ca\/"]}]}},"_links":{"self":[{"href":"https:\/\/www.alumican.ca\/en\/wp-json\/wp\/v2\/pages\/2778","targetHints":{"allow":["GET"]}}],"collection":[{"href":"https:\/\/www.alumican.ca\/en\/wp-json\/wp\/v2\/pages"}],"about":[{"href":"https:\/\/www.alumican.ca\/en\/wp-json\/wp\/v2\/types\/page"}],"author":[{"embeddable":true,"href":"https:\/\/www.alumican.ca\/en\/wp-json\/wp\/v2\/users\/1"}],"replies":[{"embeddable":true,"href":"https:\/\/www.alumican.ca\/en\/wp-json\/wp\/v2\/comments?post=2778"}],"version-history":[{"count":7,"href":"https:\/\/www.alumican.ca\/en\/wp-json\/wp\/v2\/pages\/2778\/revisions"}],"predecessor-version":[{"id":2923,"href":"https:\/\/www.alumican.ca\/en\/wp-json\/wp\/v2\/pages\/2778\/revisions\/2923"}],"wp:attachment":[{"href":"https:\/\/www.alumican.ca\/en\/wp-json\/wp\/v2\/media?parent=2778"}],"curies":[{"name":"wp","href":"https:\/\/api.w.org\/{rel}","templated":true}]}}